{"id":191,"date":"2025-11-20T14:22:30","date_gmt":"2025-11-20T13:22:30","guid":{"rendered":"https:\/\/bullyland.de\/?page_id=191"},"modified":"2026-03-26T15:48:48","modified_gmt":"2026-03-26T14:48:48","slug":"startseite","status":"publish","type":"page","link":"https:\/\/bullyland.de\/es\/","title":{"rendered":""},"content":{"rendered":"<div class=\"wp-block-group is-style-default has-light-background-background-color has-background is-nowrap is-layout-flex wp-container-core-group-is-layout-95a63156 wp-block-group-is-layout-flex\" style=\"padding-top:var(--wp--preset--spacing--x-small);padding-bottom:var(--wp--preset--spacing--x-small);padding-left:0\">\n<div class=\"wp-block-group has-global-padding is-layout-constrained wp-block-group-is-layout-constrained\">\n<div class=\"wp-block-columns is-layout-flex wp-container-core-columns-is-layout-d7d455e7 wp-block-columns-is-layout-flex\" style=\"padding-top:0;padding-right:0;padding-bottom:0;padding-left:0\">\n<div class=\"wp-block-column is-vertically-aligned-top is-layout-flow wp-block-column-is-layout-flow\" style=\"flex-basis:50%\">\n<figure class=\"wp-block-image alignright size-full\"><img loading=\"lazy\" decoding=\"async\" width=\"502\" height=\"467\" src=\"https:\/\/bullyland.de\/wp-content\/uploads\/2025\/11\/UeBER-UNS-27.11.2025-JPEG-neu.jpg\" alt=\"\" class=\"wp-image-781\" srcset=\"https:\/\/bullyland.de\/wp-content\/uploads\/2025\/11\/UeBER-UNS-27.11.2025-JPEG-neu.jpg 502w, https:\/\/bullyland.de\/wp-content\/uploads\/2025\/11\/UeBER-UNS-27.11.2025-JPEG-neu-300x279.jpg 300w, https:\/\/bullyland.de\/wp-content\/uploads\/2025\/11\/UeBER-UNS-27.11.2025-JPEG-neu-13x12.jpg 13w\" sizes=\"auto, (max-width: 502px) 100vw, 502px\" \/><\/figure>\n<\/div>\n\n\n\n<div class=\"wp-block-column is-vertically-aligned-center has-global-padding is-layout-constrained wp-container-core-column-is-layout-977c7cb3 wp-block-column-is-layout-constrained\" style=\"padding-left:0rem;flex-basis:50%\">\n<p class=\"has-secondary-color has-text-color has-small-font-size\" style=\"font-style:normal;font-weight:500;line-height:1\"><strong>desde 1973<\/strong><\/p>\n\n\n\n<h2 class=\"wp-block-heading has-secondary-color has-text-color has-link-color has-large-font-size wp-elements-ddf1cbe57c9143bb07be4920b763d686\" style=\"line-height:1\">Acerca de la marca BULLYLAND<\/h2>\n\n\n\n<p class=\"has-x-small-font-size\">BULLYLAND\u00ae celebr\u00f3 su 50 aniversario en 2023. Durante cinco d\u00e9cadas, la marca ha desarrollado figuras de juego detalladas y pintadas a mano con un alto valor de reconocimiento: desde mundos de animales y figuras de fantas\u00eda hasta personajes populares del cine, la televisi\u00f3n y los cuentos de hadas.<br><br>A lo largo de los a\u00f1os, se ha creado una impresionante cartera de licencias con socios tan fuertes como Disney, Marvel, Yakari, the Sandman y muchas otras marcas. BULLYLAND\u00ae es sin\u00f3nimo de calidad, cuidado y diversidad creativa. <strong>Todas las figuras est\u00e1n fabricadas con materiales probados e inocuos, lo que garantiza una diversi\u00f3n segura y duradera.<\/strong><\/p>\n<\/div>\n<\/div>\n<\/div>\n<\/div>\n\n\n\n<div class=\"wp-block-group has-black-background-color has-background has-global-padding is-layout-constrained wp-block-group-is-layout-constrained\" style=\"padding-top:var(--wp--preset--spacing--x-small);padding-bottom:var(--wp--preset--spacing--x-small);background-image:url(&apos;https:\/\/bullyland.de\/wp-content\/uploads\/2026\/03\/Superheroes-BG-scaled.png&apos;);background-size:cover;\">\n<div style=\"height:139px\" aria-hidden=\"true\" class=\"wp-block-spacer\"><\/div>\n\n\n\n<div class=\"wp-block-columns are-vertically-aligned-center is-layout-flex wp-container-core-columns-is-layout-28f84493 wp-block-columns-is-layout-flex\">\n<div class=\"wp-block-column is-vertically-aligned-center is-layout-flow wp-block-column-is-layout-flow\" style=\"flex-basis:70%\"><\/div>\n\n\n\n<div class=\"wp-block-column is-vertically-aligned-center is-layout-flow wp-block-column-is-layout-flow\">\n<div class=\"wp-block-buttons wpz-alt-button is-content-justification-space-between is-layout-flex wp-container-core-buttons-is-layout-b2891da8 wp-block-buttons-is-layout-flex\"><\/div>\n<\/div>\n<\/div>\n\n\n\n<div style=\"height:94px\" aria-hidden=\"true\" class=\"wp-block-spacer\"><\/div>\n<\/div>\n\n\n\n<div class=\"wp-block-group has-background has-global-padding is-layout-constrained wp-block-group-is-layout-constrained\" style=\"background-color:#91a2c91c\">\n<h2 class=\"wp-block-heading has-text-align-center has-secondary-color has-text-color has-link-color wp-elements-cf59799d1f3e442844443e8429271e03\" style=\"font-size:clamp(21.536px, 1.346rem + ((1vw - 3.2px) * 1.192), 35px);text-transform:uppercase\">Licencia mundos<\/h2>\n\n\n\n<p class=\"has-text-align-center has-tertiary-color has-text-color has-link-color wp-elements-90529e1bb19b06c529ea7097869132b3\" style=\"font-size:clamp(18.959px, 1.185rem + ((1vw - 3.2px) * 0.977), 30px);font-style:normal;font-weight:600\">Enfoque de marca - Licencias - Novedades - H\u00e9roes infantiles<\/p>\n\n\n\n<div class=\"wp-block-buttons has-background is-content-justification-center is-nowrap is-layout-flex wp-container-core-buttons-is-layout-19b171d3 wp-block-buttons-is-layout-flex\" style=\"background-color:#91a2c900\">\n<div class=\"wp-block-button is-style-outline is-style-outline--1\"><a class=\"wp-block-button__link has-white-color has-secondary-background-color has-text-color has-background has-link-color has-text-align-center has-custom-font-size wp-element-button\" href=\"https:\/\/bullyland.de\/es\/lizenzportfolio\/\" style=\"border-style:none;border-width:0px;padding-top:13px;padding-bottom:13px;font-size:clamp(14px, 0.875rem + ((1vw - 3.2px) * 0.088), 15px);font-style:normal;font-weight:500\">&gt;&gt; A toda la cartera de licencias<\/a><\/div>\n<\/div>\n\n\n\n<div class=\"wp-block-columns has-background is-layout-flex wp-container-core-columns-is-layout-28f84493 wp-block-columns-is-layout-flex\" style=\"background-color:#91a2c900\">\n<div class=\"wp-block-column is-style-default is-layout-flow wp-block-column-is-layout-flow\" style=\"border-style:none;border-width:0px;padding-top:0;padding-right:0;padding-bottom:0;padding-left:0\">\n<figure class=\"wp-block-image size-full is-style-default\"><img loading=\"lazy\" decoding=\"async\" width=\"2560\" height=\"2381\" src=\"https:\/\/bullyland.de\/wp-content\/uploads\/2025\/11\/Pumuckl.png\" alt=\"\" class=\"wp-image-51\" srcset=\"https:\/\/bullyland.de\/wp-content\/uploads\/2025\/11\/Pumuckl.png 2560w, https:\/\/bullyland.de\/wp-content\/uploads\/2025\/11\/Pumuckl-300x279.png 300w, https:\/\/bullyland.de\/wp-content\/uploads\/2025\/11\/Pumuckl-1024x952.png 1024w, https:\/\/bullyland.de\/wp-content\/uploads\/2025\/11\/Pumuckl-768x714.png 768w, https:\/\/bullyland.de\/wp-content\/uploads\/2025\/11\/Pumuckl-1536x1429.png 1536w, https:\/\/bullyland.de\/wp-content\/uploads\/2025\/11\/Pumuckl-2048x1905.png 2048w, https:\/\/bullyland.de\/wp-content\/uploads\/2025\/11\/Pumuckl-13x12.png 13w\" sizes=\"auto, (max-width: 2560px) 100vw, 2560px\" \/><figcaption class=\"wp-element-caption\">Pumuckl<\/figcaption><\/figure>\n\n\n\n<h3 class=\"wp-block-heading has-text-align-center has-tertiary-color has-text-color has-link-color wp-elements-8922f99aa8ed6aa87affe68792192faa\">Novedades en licencias<\/h3>\n<\/div>\n\n\n\n<div class=\"wp-block-column is-style-default is-layout-flow wp-block-column-is-layout-flow\" style=\"border-style:none;border-width:0px;padding-top:0;padding-right:0;padding-bottom:0;padding-left:0\">\n<figure class=\"wp-block-image size-full\"><img loading=\"lazy\" decoding=\"async\" width=\"2560\" height=\"2381\" src=\"https:\/\/bullyland.de\/wp-content\/uploads\/2025\/11\/Marvel.png\" alt=\"\" class=\"wp-image-48\" srcset=\"https:\/\/bullyland.de\/wp-content\/uploads\/2025\/11\/Marvel.png 2560w, https:\/\/bullyland.de\/wp-content\/uploads\/2025\/11\/Marvel-300x279.png 300w, https:\/\/bullyland.de\/wp-content\/uploads\/2025\/11\/Marvel-1024x952.png 1024w, https:\/\/bullyland.de\/wp-content\/uploads\/2025\/11\/Marvel-768x714.png 768w, https:\/\/bullyland.de\/wp-content\/uploads\/2025\/11\/Marvel-13x12.png 13w\" sizes=\"auto, (max-width: 2560px) 100vw, 2560px\" \/><figcaption class=\"wp-element-caption\">Marvel<\/figcaption><\/figure>\n\n\n\n<h3 class=\"wp-block-heading has-text-align-center has-tertiary-color has-text-color has-link-color wp-elements-9c5aa125a99c530841ab4e9de419c5b2\">Superh\u00e9roes<\/h3>\n<\/div>\n\n\n\n<div class=\"wp-block-column is-style-default is-layout-flow wp-block-column-is-layout-flow\" style=\"border-style:none;border-width:0px;padding-top:0;padding-right:0;padding-bottom:0;padding-left:0\">\n<figure class=\"wp-block-image size-full\"><img loading=\"lazy\" decoding=\"async\" width=\"2560\" height=\"2381\" src=\"https:\/\/bullyland.de\/wp-content\/uploads\/2025\/11\/Mickey.png\" alt=\"\" class=\"wp-image-49\" srcset=\"https:\/\/bullyland.de\/wp-content\/uploads\/2025\/11\/Mickey.png 2560w, https:\/\/bullyland.de\/wp-content\/uploads\/2025\/11\/Mickey-300x279.png 300w, https:\/\/bullyland.de\/wp-content\/uploads\/2025\/11\/Mickey-1024x952.png 1024w, https:\/\/bullyland.de\/wp-content\/uploads\/2025\/11\/Mickey-768x714.png 768w, https:\/\/bullyland.de\/wp-content\/uploads\/2025\/11\/Mickey-1536x1429.png 1536w, https:\/\/bullyland.de\/wp-content\/uploads\/2025\/11\/Mickey-13x12.png 13w\" sizes=\"auto, (max-width: 2560px) 100vw, 2560px\" \/><figcaption class=\"wp-element-caption\">Disney<\/figcaption><\/figure>\n\n\n\n<h3 class=\"wp-block-heading has-text-align-center has-tertiary-color has-text-color has-link-color wp-elements-4c1112915b5d50ac172f8d79196fe0ed\">Cl\u00e1sicos Disney<\/h3>\n<\/div>\n\n\n\n<div class=\"wp-block-column is-style-default is-layout-flow wp-block-column-is-layout-flow\" style=\"border-style:none;border-width:0px;padding-top:0;padding-right:0;padding-bottom:0;padding-left:0\">\n<figure class=\"wp-block-image size-full\"><img loading=\"lazy\" decoding=\"async\" width=\"2560\" height=\"2381\" src=\"https:\/\/bullyland.de\/wp-content\/uploads\/2025\/11\/Sandmaennchen.png\" alt=\"\" class=\"wp-image-52\" srcset=\"https:\/\/bullyland.de\/wp-content\/uploads\/2025\/11\/Sandmaennchen.png 2560w, https:\/\/bullyland.de\/wp-content\/uploads\/2025\/11\/Sandmaennchen-300x279.png 300w, https:\/\/bullyland.de\/wp-content\/uploads\/2025\/11\/Sandmaennchen-1024x952.png 1024w, https:\/\/bullyland.de\/wp-content\/uploads\/2025\/11\/Sandmaennchen-768x714.png 768w, https:\/\/bullyland.de\/wp-content\/uploads\/2025\/11\/Sandmaennchen-1536x1429.png 1536w, https:\/\/bullyland.de\/wp-content\/uploads\/2025\/11\/Sandmaennchen-2048x1905.png 2048w, https:\/\/bullyland.de\/wp-content\/uploads\/2025\/11\/Sandmaennchen-13x12.png 13w\" sizes=\"auto, (max-width: 2560px) 100vw, 2560px\" \/><figcaption class=\"wp-element-caption\">Sandman<\/figcaption><\/figure>\n\n\n\n<h3 class=\"wp-block-heading has-text-align-center has-tertiary-color has-text-color has-link-color wp-elements-f2e2d6be75c01f7316c6731a2dd5002c\" style=\"text-transform:uppercase\">H\u00e9roes infantiles<\/h3>\n<\/div>\n<\/div>\n<\/div>\n\n\n\n<div style=\"height:26px\" aria-hidden=\"true\" class=\"wp-block-spacer\"><\/div>\n\n\n\n<div class=\"wp-block-group is-layout-flow wp-block-group-is-layout-flow\">\n<h3 class=\"wp-block-heading has-text-align-center has-secondary-color has-text-color has-link-color wp-elements-dd594c35c67949490e52c83a46b74322\" style=\"font-size:clamp(18.959px, 1.185rem + ((1vw - 3.2px) * 0.977), 30px);\">Tobias Wendl y Tobias Arlt embajadores de la marca BULLYLAND<\/h3>\n\n\n\n<div class=\"wp-block-columns is-layout-flex wp-container-core-columns-is-layout-28f84493 wp-block-columns-is-layout-flex\">\n<div class=\"wp-block-column is-style-default is-layout-flow wp-block-column-is-layout-flow\" style=\"border-style:none;border-width:0px;padding-top:0;padding-right:0;padding-bottom:0;padding-left:0\">\n<figure class=\"wp-block-image size-full\"><img loading=\"lazy\" decoding=\"async\" width=\"651\" height=\"826\" src=\"https:\/\/bullyland.de\/wp-content\/uploads\/2025\/11\/Tobis.jpg\" alt=\"\" class=\"wp-image-710\" srcset=\"https:\/\/bullyland.de\/wp-content\/uploads\/2025\/11\/Tobis.jpg 651w, https:\/\/bullyland.de\/wp-content\/uploads\/2025\/11\/Tobis-236x300.jpg 236w, https:\/\/bullyland.de\/wp-content\/uploads\/2025\/11\/Tobis-9x12.jpg 9w\" sizes=\"auto, (max-width: 651px) 100vw, 651px\" \/><\/figure>\n\n\n\n<h3 class=\"wp-block-heading\">El tobog\u00e1n tobis<\/h3>\n\n\n\n<p>Los dos Tobis forman un d\u00fao imbatible en luge desde hace 25 a\u00f1os. Viven juntos su pasi\u00f3n y ya han logrado varios \u00e9xitos destacados gracias a su esp\u00edritu de equipo, su valent\u00eda y su fuerza de voluntad.<\/p>\n<\/div>\n\n\n\n<div class=\"wp-block-column is-style-default is-layout-flow wp-block-column-is-layout-flow\" style=\"border-style:none;border-width:0px;padding-top:0;padding-right:0;padding-bottom:0;padding-left:0\">\n<figure class=\"wp-block-image size-full\"><img loading=\"lazy\" decoding=\"async\" width=\"651\" height=\"826\" src=\"https:\/\/bullyland.de\/wp-content\/uploads\/2025\/11\/Baernie.jpg\" alt=\"\" class=\"wp-image-709\" srcset=\"https:\/\/bullyland.de\/wp-content\/uploads\/2025\/11\/Baernie.jpg 651w, https:\/\/bullyland.de\/wp-content\/uploads\/2025\/11\/Baernie-236x300.jpg 236w, https:\/\/bullyland.de\/wp-content\/uploads\/2025\/11\/Baernie-9x12.jpg 9w\" sizes=\"auto, (max-width: 651px) 100vw, 651px\" \/><\/figure>\n\n\n\n<h3 class=\"wp-block-heading\">B\u00c4Rnie, el oso valiente<\/h3>\n\n\n\n<p>Al peque\u00f1o oso polar B\u00c4Rnie se le permite acompa\u00f1ar a los toboganes en sus viajes de aventura para que adquieran experiencia. Transmite a los ni\u00f1os el importante mensaje de los campeones ol\u00edmpicos.<\/p>\n<\/div>\n\n\n\n<div class=\"wp-block-column is-style-default is-layout-flow wp-block-column-is-layout-flow\" style=\"border-style:none;border-width:0px;padding-top:0;padding-right:0;padding-bottom:0;padding-left:0\">\n<figure class=\"wp-block-image size-full\"><img loading=\"lazy\" decoding=\"async\" width=\"651\" height=\"826\" src=\"https:\/\/bullyland.de\/wp-content\/uploads\/2025\/11\/Tobi-und-Thomas.jpg\" alt=\"\" class=\"wp-image-711\" srcset=\"https:\/\/bullyland.de\/wp-content\/uploads\/2025\/11\/Tobi-und-Thomas.jpg 651w, https:\/\/bullyland.de\/wp-content\/uploads\/2025\/11\/Tobi-und-Thomas-236x300.jpg 236w, https:\/\/bullyland.de\/wp-content\/uploads\/2025\/11\/Tobi-und-Thomas-9x12.jpg 9w\" sizes=\"auto, (max-width: 651px) 100vw, 651px\" \/><\/figure>\n\n\n\n<h3 class=\"wp-block-heading\">Acerca de la cooperaci\u00f3n<\/h3>\n\n\n\n<p>BULLYLAND\u00ae se ha propuesto animar a los ni\u00f1os en sus esfuerzos y motivarlos a trav\u00e9s de modelos de conducta como los deportistas de \u00e9lite. Ambos socios proceden de la misma regi\u00f3n, por lo que comparten una base cultural y personal.<\/p>\n<\/div>\n<\/div>\n\n\n\n<div class=\"wp-block-buttons is-horizontal is-content-justification-center is-layout-flex wp-container-core-buttons-is-layout-88391e5e wp-block-buttons-is-layout-flex\" style=\"margin-top:var(--wp--preset--spacing--x-small);margin-bottom:var(--wp--preset--spacing--x-small);padding-right:0;padding-left:0\">\n<div class=\"wp-block-button is-style-outline is-style-outline--2\"><a class=\"wp-block-button__link has-secondary-color has-white-background-color has-text-color has-background has-link-color has-border-color has-secondary-border-color has-x-small-font-size has-custom-font-size wp-element-button\" href=\"https:\/\/bullyland.de\/es\/markenbotschafter\/\" style=\"border-width:3px\">SABER M\u00c1S<\/a><\/div>\n\n\n\n<div class=\"wp-block-button is-style-outline popmake-892 is-style-outline--3\"><a class=\"wp-block-button__link has-white-color has-secondary-background-color has-text-color has-background has-link-color has-small-font-size has-custom-font-size wp-element-button\" style=\"font-style:normal;font-weight:500\">Pida B\u00c4Rnie exclusivamente en info@bullyworld.de<\/a><\/div>\n<\/div>\n<\/div>\n\n\n\n<div class=\"wp-block-group is-style-default has-background is-layout-flow wp-block-group-is-layout-flow\" style=\"background-color:#d9d9d947;padding-top:var(--wp--preset--spacing--x-small);padding-bottom:var(--wp--preset--spacing--x-small);padding-left:0\">\n<div class=\"wp-block-group has-global-padding is-layout-constrained wp-block-group-is-layout-constrained\">\n<div class=\"wp-block-columns is-layout-flex wp-container-core-columns-is-layout-d7d455e7 wp-block-columns-is-layout-flex\" style=\"padding-top:0;padding-right:0;padding-bottom:0;padding-left:0\">\n<div class=\"wp-block-column is-layout-flow wp-block-column-is-layout-flow\"><\/div>\n\n\n\n<div class=\"wp-block-column is-vertically-aligned-center is-layout-flow wp-block-column-is-layout-flow\" style=\"padding-left:0.6rem;flex-basis:50%\">\n<p class=\"has-secondary-color has-text-color\" style=\"text-transform:uppercase\"><strong>Nacionales e internacionales<\/strong><\/p>\n\n\n\n<h2 class=\"wp-block-heading has-large-font-size\">Distribuidores<\/h2>\n\n\n\n<p class=\"has-x-small-font-size\">Nuestros productos est\u00e1n disponibles en todo el mundo a trav\u00e9s de una red fiable de distribuidores experimentados y cuidadosamente seleccionados. Tanto a escala nacional como internacional, trabajamos con socios que comparten nuestros est\u00e1ndares de calidad y ofrecen a nuestros clientes una asistencia competente.<\/p>\n\n\n\n<p class=\"has-tertiary-color has-text-color has-link-color has-x-small-font-size wp-elements-767f757c844b1a22b31d1821102ed1c9\"><strong>Si tiene alguna duda sobre un lugar, una regi\u00f3n o una persona de contacto directa, estaremos encantados de ayudarle en cualquier momento.<\/strong><\/p>\n\n\n\n<p class=\"has-secondary-color has-text-color has-link-color has-small-font-size wp-elements-1cb4ed959ceaa333f6e4ca4ff25954b1\"><strong>P\u00f3ngase en contacto con nosotros en info@bullyworld.de: nuestro equipo responder\u00e1 a su consulta de forma r\u00e1pida y fiable.<\/strong><\/p>\n<\/div>\n\n\n\n<div class=\"wp-block-column is-vertically-aligned-center is-layout-flow wp-block-column-is-layout-flow\" style=\"flex-basis:50%\">\n<figure class=\"wp-block-image aligncenter size-full\"><img loading=\"lazy\" decoding=\"async\" width=\"1080\" height=\"659\" src=\"https:\/\/bullyland.de\/wp-content\/uploads\/2025\/11\/Distributoren-25.11.2025.jpg\" alt=\"\" class=\"wp-image-461\" srcset=\"https:\/\/bullyland.de\/wp-content\/uploads\/2025\/11\/Distributoren-25.11.2025.jpg 1080w, https:\/\/bullyland.de\/wp-content\/uploads\/2025\/11\/Distributoren-25.11.2025-300x183.jpg 300w, https:\/\/bullyland.de\/wp-content\/uploads\/2025\/11\/Distributoren-25.11.2025-1024x625.jpg 1024w, https:\/\/bullyland.de\/wp-content\/uploads\/2025\/11\/Distributoren-25.11.2025-18x12.jpg 18w\" sizes=\"auto, (max-width: 1080px) 100vw, 1080px\" \/><\/figure>\n<\/div>\n<\/div>\n<\/div>\n<\/div>\n\n\n\n<div class=\"wp-block-group alignwide has-global-padding is-layout-constrained wp-block-group-is-layout-constrained\">\n<div id=\"cover\" class=\"wp-block-group is-layout-flow wp-container-core-group-is-layout-c4d5c1b7 wp-block-group-is-layout-flow\" style=\"margin-top:0px;margin-bottom:0px\">\n<div class=\"wp-block-cover alignfull is-light has-custom-content-position is-position-top-center\" style=\"min-height:451px;aspect-ratio:unset;\"><img loading=\"lazy\" decoding=\"async\" width=\"1898\" height=\"851\" class=\"wp-block-cover__image-background wp-image-578 size-full\" alt=\"\" src=\"https:\/\/bullyland.de\/wp-content\/uploads\/2025\/11\/Banner-unten-neu-26.11.2025.jpg\" data-object-fit=\"cover\" srcset=\"https:\/\/bullyland.de\/wp-content\/uploads\/2025\/11\/Banner-unten-neu-26.11.2025.jpg 1898w, https:\/\/bullyland.de\/wp-content\/uploads\/2025\/11\/Banner-unten-neu-26.11.2025-300x135.jpg 300w, https:\/\/bullyland.de\/wp-content\/uploads\/2025\/11\/Banner-unten-neu-26.11.2025-1024x459.jpg 1024w, https:\/\/bullyland.de\/wp-content\/uploads\/2025\/11\/Banner-unten-neu-26.11.2025-18x8.jpg 18w\" sizes=\"auto, (max-width: 1898px) 100vw, 1898px\" \/><span aria-hidden=\"true\" class=\"wp-block-cover__background has-black-background-color has-background-dim-10 has-background-dim\"><\/span><div class=\"wp-block-cover__inner-container is-layout-flow wp-block-cover-is-layout-flow\">\n<div class=\"wp-block-group has-global-padding is-layout-constrained wp-container-core-group-is-layout-4383d167 wp-block-group-is-layout-constrained\">\n<h2 class=\"wp-block-heading has-text-align-center has-white-color has-text-color has-large-font-size\">EXPERIENCIA. AMAZE. AMAZE.<\/h2>\n<\/div>\n<\/div><\/div>\n<\/div>\n<\/div>\n\n\n\n<figure class=\"wp-block-image aligncenter size-full is-resized\"><img loading=\"lazy\" decoding=\"async\" width=\"2560\" height=\"899\" src=\"https:\/\/bullyland.de\/wp-content\/uploads\/2025\/12\/LI-Germany_gross-scaled.png\" alt=\"\" class=\"wp-image-1699\" style=\"width:377px;height:auto\" srcset=\"https:\/\/bullyland.de\/wp-content\/uploads\/2025\/12\/LI-Germany_gross-scaled.png 2560w, https:\/\/bullyland.de\/wp-content\/uploads\/2025\/12\/LI-Germany_gross-300x105.png 300w, https:\/\/bullyland.de\/wp-content\/uploads\/2025\/12\/LI-Germany_gross-1024x359.png 1024w, https:\/\/bullyland.de\/wp-content\/uploads\/2025\/12\/LI-Germany_gross-2000x702.png 2000w, https:\/\/bullyland.de\/wp-content\/uploads\/2025\/12\/LI-Germany_gross-scaled-18x6.png 18w\" sizes=\"auto, (max-width: 2560px) 100vw, 2560px\" \/><\/figure>\n\n\n\n<p class=\"has-text-align-center has-tertiary-color has-text-color has-link-color has-small-font-size wp-elements-4f0cb47dda1dc0cc705212e3e8b05529\" style=\"padding-right:var(--wp--preset--spacing--x-small);padding-left:var(--wp--preset--spacing--x-small)\">Somos miembros de Licensing International, la asociaci\u00f3n internacional del sector de las licencias que pone en contacto a empresas y marcas de todo el mundo, y estamos encantados de formar parte de esta red.<\/p>\n\n\n\n<div class=\"wp-block-buttons is-content-justification-center is-layout-flex wp-container-core-buttons-is-layout-a89b3969 wp-block-buttons-is-layout-flex\">\n<div class=\"wp-block-button\"><a class=\"wp-block-button__link has-background has-small-font-size has-custom-font-size wp-element-button\" href=\"https:\/\/licensinginternational.org\/\" style=\"background-color:#00bcd996\" target=\"_blank\" rel=\"noreferrer noopener\">M\u00e1s informaci\u00f3n \u2192<\/a><\/div>\n<\/div>\n\n\n\n<p><\/p>","protected":false},"excerpt":{"rendered":"<p>seit 1973 \u00dcber die Marke BULLYLAND\u00ae BULLYLAND\u00ae feierte 2023 sein 50-j\u00e4hriges Bestehen. Seit f\u00fcnf Jahrzehnten entwickelt die Marke detailreich gestaltete, handbemalte Spielfiguren mit hohem Wiedererkennungswert \u2013 von Tierwelten \u00fcber Fantasiefiguren bis hin zu beliebten Charakteren aus Film, TV und M\u00e4rchen. Im Laufe der Jahre entstand ein beeindruckendes Lizenzportfolio mit starken Partnern wie Disney, Marvel, Yakari, &hellip; <\/p>\n<p class=\"link-more\"><a href=\"https:\/\/bullyland.de\/es\/\" class=\"more-link\">Leer m\u00e1s<span class=\"screen-reader-text\"> \u00ab\u00bb<\/span><\/a><\/p>","protected":false},"author":1,"featured_media":1766,"parent":0,"menu_order":0,"comment_status":"closed","ping_status":"closed","template":"","meta":{"inspiro_hide_title":false,"footnotes":""},"class_list":["post-191","page","type-page","status-publish","has-post-thumbnail","hentry"],"_links":{"self":[{"href":"https:\/\/bullyland.de\/es\/wp-json\/wp\/v2\/pages\/191","targetHints":{"allow":["GET"]}}],"collection":[{"href":"https:\/\/bullyland.de\/es\/wp-json\/wp\/v2\/pages"}],"about":[{"href":"https:\/\/bullyland.de\/es\/wp-json\/wp\/v2\/types\/page"}],"author":[{"embeddable":true,"href":"https:\/\/bullyland.de\/es\/wp-json\/wp\/v2\/users\/1"}],"replies":[{"embeddable":true,"href":"https:\/\/bullyland.de\/es\/wp-json\/wp\/v2\/comments?post=191"}],"version-history":[{"count":175,"href":"https:\/\/bullyland.de\/es\/wp-json\/wp\/v2\/pages\/191\/revisions"}],"predecessor-version":[{"id":1814,"href":"https:\/\/bullyland.de\/es\/wp-json\/wp\/v2\/pages\/191\/revisions\/1814"}],"wp:featuredmedia":[{"embeddable":true,"href":"https:\/\/bullyland.de\/es\/wp-json\/wp\/v2\/media\/1766"}],"wp:attachment":[{"href":"https:\/\/bullyland.de\/es\/wp-json\/wp\/v2\/media?parent=191"}],"curies":[{"name":"wp","href":"https:\/\/api.w.org\/{rel}","templated":true}]}}