{"id":983,"date":"2026-01-14T08:22:13","date_gmt":"2026-01-14T07:22:13","guid":{"rendered":"https:\/\/bullyland.de\/?page_id=983"},"modified":"2026-01-14T08:22:13","modified_gmt":"2026-01-14T07:22:13","slug":"produktwissen","status":"publish","type":"page","link":"https:\/\/bullyland.de\/en\/produktwissen\/","title":{"rendered":"Product Knowledge"},"content":{"rendered":"<div style=\"height:22px\" aria-hidden=\"true\" class=\"wp-block-spacer\"><\/div>\n\n\n\n<h2 class=\"wp-block-heading has-text-align-center has-background has-large-font-size\" style=\"background-color:#d9d9d900\">Diese Werte bilden die DNA von BULLYLAND\u00ae<\/h2>\n\n\n\n<div class=\"wp-block-group has-global-padding is-layout-constrained wp-block-group-is-layout-constrained\">\n<div class=\"wp-block-group is-layout-flow wp-block-group-is-layout-flow\">\n<p class=\"has-tertiary-color has-text-color has-medium-font-size\"><strong>Unsere Werte<\/strong><\/p>\n\n\n\n<div style=\"height:0px\" aria-hidden=\"true\" class=\"wp-block-spacer\"><\/div>\n\n\n\n<div class=\"wp-block-columns is-layout-flex wp-container-core-columns-is-layout-28f84493 wp-block-columns-is-layout-flex\">\n<div class=\"wp-block-column is-style-default is-layout-flow wp-block-column-is-layout-flow\" style=\"border-style:none;border-width:0px;padding-top:0;padding-right:0;padding-bottom:0;padding-left:0\">\n<figure class=\"wp-block-image aligncenter size-full is-resized\"><img loading=\"lazy\" decoding=\"async\" width=\"300\" height=\"300\" src=\"https:\/\/bullyland.de\/wp-content\/uploads\/2025\/12\/1.png\" alt=\"\" class=\"wp-image-1647\" style=\"width:157px;height:auto\" srcset=\"https:\/\/bullyland.de\/wp-content\/uploads\/2025\/12\/1.png 300w, https:\/\/bullyland.de\/wp-content\/uploads\/2025\/12\/1-150x150.png 150w, https:\/\/bullyland.de\/wp-content\/uploads\/2025\/12\/1-12x12.png 12w\" sizes=\"auto, (max-width: 300px) 100vw, 300px\" \/><\/figure>\n\n\n\n<h2 class=\"wp-block-heading has-text-align-center has-text-color has-link-color has-medium-font-size wp-elements-e088c12370305a1068af5102ef85fda7\" style=\"color:#097288\">Kindgerecht spielen<\/h2>\n\n\n\n<p class=\"has-text-align-center has-text-color has-link-color has-small-font-size wp-elements-3ca0203903debd2bd1ef9d8e6f792b1c\" style=\"color:#097288\">Die BULLYLAND\u00ae &#8211; Spielfiguren bringen Kinderaugen zum Leuchten. Sie sind ideal f\u00fcr kleine Entdecker ab 3 Jahren.<\/p>\n<\/div>\n\n\n\n<div class=\"wp-block-column is-style-default is-layout-flow wp-block-column-is-layout-flow\" style=\"border-style:none;border-width:0px;padding-top:0;padding-right:0;padding-bottom:0;padding-left:0\">\n<figure class=\"wp-block-image aligncenter size-full is-resized\"><img loading=\"lazy\" decoding=\"async\" width=\"300\" height=\"300\" src=\"https:\/\/bullyland.de\/wp-content\/uploads\/2025\/12\/8.png\" alt=\"\" class=\"wp-image-1648\" style=\"width:157px;height:auto\" srcset=\"https:\/\/bullyland.de\/wp-content\/uploads\/2025\/12\/8.png 300w, https:\/\/bullyland.de\/wp-content\/uploads\/2025\/12\/8-150x150.png 150w, https:\/\/bullyland.de\/wp-content\/uploads\/2025\/12\/8-12x12.png 12w\" sizes=\"auto, (max-width: 300px) 100vw, 300px\" \/><\/figure>\n\n\n\n<h2 class=\"wp-block-heading has-text-align-center has-text-color has-link-color has-medium-font-size wp-elements-d1582a078926072d839a721e8158bffb\" style=\"color:#662583\">Handbemalt<\/h2>\n\n\n\n<p class=\"has-text-align-center has-text-color has-link-color has-small-font-size wp-elements-a9369564e24fa335b4941d04bb2b1837\" style=\"color:#662583\">Jede Spielfigur wird sorgf\u00e4ltig von Hand bemalt und ist somit ein Unikat.<\/p>\n<\/div>\n\n\n\n<div class=\"wp-block-column is-style-default is-layout-flow wp-block-column-is-layout-flow\" style=\"border-style:none;border-width:0px;padding-top:0;padding-right:0;padding-bottom:0;padding-left:0\">\n<figure class=\"wp-block-image aligncenter size-full is-resized\"><img loading=\"lazy\" decoding=\"async\" width=\"300\" height=\"300\" src=\"https:\/\/bullyland.de\/wp-content\/uploads\/2025\/12\/4.png\" alt=\"\" class=\"wp-image-1651\" style=\"width:157px;height:auto\" srcset=\"https:\/\/bullyland.de\/wp-content\/uploads\/2025\/12\/4.png 300w, https:\/\/bullyland.de\/wp-content\/uploads\/2025\/12\/4-150x150.png 150w, https:\/\/bullyland.de\/wp-content\/uploads\/2025\/12\/4-12x12.png 12w\" sizes=\"auto, (max-width: 300px) 100vw, 300px\" \/><\/figure>\n\n\n\n<h2 class=\"wp-block-heading has-text-align-center has-text-color has-link-color has-medium-font-size wp-elements-6eec35e017cf9bf3d83bd63ab8f1718d\" style=\"color:#f6a201\">Mit Liebe hergestellt<\/h2>\n\n\n\n<p class=\"has-text-align-center has-text-color has-link-color has-small-font-size wp-elements-e43cc34a4dc23e1d1116da2a27624ebb\" style=\"color:#f6a201\">In jeder Spielfigur steckt eine gro\u00dfe Portion Liebe, Leidenschaft und Hingabe, die sich in der Figur widerspiegeln.<\/p>\n<\/div>\n\n\n\n<div class=\"wp-block-column is-style-default is-layout-flow wp-block-column-is-layout-flow\" style=\"border-style:none;border-width:0px;padding-top:0;padding-right:0;padding-bottom:0;padding-left:0\">\n<figure class=\"wp-block-image aligncenter size-full is-resized\"><img loading=\"lazy\" decoding=\"async\" width=\"300\" height=\"300\" src=\"https:\/\/bullyland.de\/wp-content\/uploads\/2025\/12\/3.png\" alt=\"\" class=\"wp-image-1650\" style=\"width:157px;height:auto\" srcset=\"https:\/\/bullyland.de\/wp-content\/uploads\/2025\/12\/3.png 300w, https:\/\/bullyland.de\/wp-content\/uploads\/2025\/12\/3-150x150.png 150w, https:\/\/bullyland.de\/wp-content\/uploads\/2025\/12\/3-12x12.png 12w\" sizes=\"auto, (max-width: 300px) 100vw, 300px\" \/><\/figure>\n\n\n\n<h2 class=\"wp-block-heading has-text-align-center has-text-color has-link-color has-medium-font-size wp-elements-73f3cdffdae74093977bddf9cf894b6b\" style=\"color:#3baa34\">Unbedenkliche Materialien<\/h2>\n\n\n\n<p class=\"has-text-align-center has-text-color has-link-color has-small-font-size wp-elements-1be4d43346a8449cc60ca033a6abee4c\" style=\"color:#3baa34\">F\u00fcr die qualitativ hochwertigen Erzeugnisse, werden unbedenkliche Materialien verwendet, die den Umgang mit den Figuren sicher machen. <\/p>\n<\/div>\n<\/div>\n<\/div>\n<\/div>\n\n\n\n<div class=\"wp-block-group has-global-padding is-layout-constrained wp-block-group-is-layout-constrained\">\n<div class=\"wp-block-group is-layout-flow wp-block-group-is-layout-flow\">\n<div style=\"height:0px\" aria-hidden=\"true\" class=\"wp-block-spacer\"><\/div>\n\n\n\n<div class=\"wp-block-columns is-layout-flex wp-container-core-columns-is-layout-28f84493 wp-block-columns-is-layout-flex\">\n<div class=\"wp-block-column is-style-default is-layout-flow wp-block-column-is-layout-flow\" style=\"border-style:none;border-width:0px;padding-top:0;padding-right:0;padding-bottom:0;padding-left:0\">\n<figure class=\"wp-block-image aligncenter size-full is-resized\"><img loading=\"lazy\" decoding=\"async\" width=\"300\" height=\"300\" src=\"https:\/\/bullyland.de\/wp-content\/uploads\/2025\/12\/5.png\" alt=\"\" class=\"wp-image-1652\" style=\"width:156px;height:auto\" srcset=\"https:\/\/bullyland.de\/wp-content\/uploads\/2025\/12\/5.png 300w, https:\/\/bullyland.de\/wp-content\/uploads\/2025\/12\/5-150x150.png 150w, https:\/\/bullyland.de\/wp-content\/uploads\/2025\/12\/5-12x12.png 12w\" sizes=\"auto, (max-width: 300px) 100vw, 300px\" \/><\/figure>\n\n\n\n<h2 class=\"wp-block-heading has-text-align-center has-text-color has-link-color has-medium-font-size wp-elements-1eac5a84d4d00af7a438493e05bcf226\" style=\"color:#ea4393\">Freude machen<\/h2>\n\n\n\n<p class=\"has-text-align-center has-text-color has-link-color has-small-font-size wp-elements-653662f584a37c1ee2d8e7c7002e0a7a\" style=\"color:#ea4393\">Jede Figur bringt seinen eigenen Spirit mit, sodass die Freude und Fantasie ganz von selbst aufbl\u00fchen kann.<\/p>\n<\/div>\n\n\n\n<div class=\"wp-block-column is-style-default is-layout-flow wp-block-column-is-layout-flow\" style=\"border-style:none;border-width:0px;padding-top:0;padding-right:0;padding-bottom:0;padding-left:0\">\n<figure class=\"wp-block-image aligncenter size-full is-resized\"><img loading=\"lazy\" decoding=\"async\" width=\"300\" height=\"300\" src=\"https:\/\/bullyland.de\/wp-content\/uploads\/2025\/12\/6.png\" alt=\"\" class=\"wp-image-1653\" style=\"width:158px;height:auto\" srcset=\"https:\/\/bullyland.de\/wp-content\/uploads\/2025\/12\/6.png 300w, https:\/\/bullyland.de\/wp-content\/uploads\/2025\/12\/6-150x150.png 150w, https:\/\/bullyland.de\/wp-content\/uploads\/2025\/12\/6-12x12.png 12w\" sizes=\"auto, (max-width: 300px) 100vw, 300px\" \/><\/figure>\n\n\n\n<h2 class=\"wp-block-heading has-text-align-center has-text-color has-link-color has-medium-font-size wp-elements-bf59a1efb8d25d2163bfc05a3a0c849a\" style=\"color:#e62d1b\">Filmgetreue Spielfiguren<\/h2>\n\n\n\n<p class=\"has-text-align-center has-text-color has-link-color has-small-font-size wp-elements-3be3c90b30d6449a746cf35a14972b84\" style=\"color:#e62d1b\">Dank der Vielzahl an Lizenzen umfasst das BULLYLAND\u00ae-Portfolio zahlreiche Filmhelden, die wirken, als w\u00e4ren sie direkt aus dem Kino entsprungen.<\/p>\n<\/div>\n\n\n\n<div class=\"wp-block-column is-style-default is-layout-flow wp-block-column-is-layout-flow\" style=\"border-style:none;border-width:0px;padding-top:0;padding-right:0;padding-bottom:0;padding-left:0\">\n<figure class=\"wp-block-image aligncenter size-full is-resized\"><img loading=\"lazy\" decoding=\"async\" width=\"300\" height=\"300\" src=\"https:\/\/bullyland.de\/wp-content\/uploads\/2025\/12\/7.png\" alt=\"\" class=\"wp-image-1654\" style=\"width:154px;height:auto\" srcset=\"https:\/\/bullyland.de\/wp-content\/uploads\/2025\/12\/7.png 300w, https:\/\/bullyland.de\/wp-content\/uploads\/2025\/12\/7-150x150.png 150w, https:\/\/bullyland.de\/wp-content\/uploads\/2025\/12\/7-12x12.png 12w\" sizes=\"auto, (max-width: 300px) 100vw, 300px\" \/><\/figure>\n\n\n\n<h2 class=\"wp-block-heading has-text-align-center has-text-color has-link-color has-medium-font-size wp-elements-33ce4e5490a89cbabec96d2d6cbd35f4\" style=\"color:#0f71b8\">Detailgetreu<\/h2>\n\n\n\n<p class=\"has-text-align-center has-text-color has-link-color has-small-font-size wp-elements-9254fcae60d98d46e46ab648c66f12c7\" style=\"color:#0f71b8\">Eine sehr detailreiche, liebevolle und authentische Darstellung erm\u00f6glicht ein spielerisches Lernen und Staunen f\u00fcr Kinder.<\/p>\n<\/div>\n<\/div>\n\n\n\n<div style=\"height:42px\" aria-hidden=\"true\" class=\"wp-block-spacer\"><\/div>\n<\/div>\n<\/div>\n\n\n\n<p class=\"has-text-align-center\"><\/p>\n\n\n\n<div class=\"wp-block-group alignfull is-layout-flow wp-container-core-group-is-layout-c4d5c1b7 wp-block-group-is-layout-flow\" id=\"cover\" style=\"margin-top:0px;margin-bottom:0px\">\n<div class=\"wp-block-cover alignfull\" style=\"min-height:549px;aspect-ratio:unset;\"><img loading=\"lazy\" decoding=\"async\" width=\"1024\" height=\"459\" class=\"wp-block-cover__image-background wp-image-1662 size-large\" alt=\"\" src=\"https:\/\/bullyland.de\/wp-content\/uploads\/2025\/12\/Banner-unten-JPEG-1024x459.jpg\" style=\"object-position:49% 33%\" data-object-fit=\"cover\" data-object-position=\"49% 33%\" srcset=\"https:\/\/bullyland.de\/wp-content\/uploads\/2025\/12\/Banner-unten-JPEG-1024x459.jpg 1024w, https:\/\/bullyland.de\/wp-content\/uploads\/2025\/12\/Banner-unten-JPEG-300x135.jpg 300w, https:\/\/bullyland.de\/wp-content\/uploads\/2025\/12\/Banner-unten-JPEG-18x8.jpg 18w, https:\/\/bullyland.de\/wp-content\/uploads\/2025\/12\/Banner-unten-JPEG.jpg 1898w\" sizes=\"auto, (max-width: 1024px) 100vw, 1024px\" \/><span aria-hidden=\"true\" class=\"wp-block-cover__background has-black-background-color has-background-dim\"><\/span><div class=\"wp-block-cover__inner-container has-global-padding is-layout-constrained wp-block-cover-is-layout-constrained\">\n<div class=\"wp-block-group has-global-padding is-layout-constrained wp-container-core-group-is-layout-4383d167 wp-block-group-is-layout-constrained\">\n<h2 class=\"wp-block-heading has-text-align-center has-white-color has-text-color has-max-60-font-size\">Qualit\u00e4t. Erleben. Freude.<\/h2>\n<\/div>\n<\/div><\/div>\n<\/div>\n\n\n\n<div style=\"height:90px\" aria-hidden=\"true\" class=\"wp-block-spacer\"><\/div>\n\n\n\n<div class=\"wp-block-group is-style-default has-light-background-background-color has-background has-global-padding is-layout-constrained wp-container-core-group-is-layout-f84cdeee wp-block-group-is-layout-constrained\" style=\"padding-top:0;padding-bottom:0;padding-left:0\">\n<div class=\"wp-block-group has-global-padding is-layout-constrained wp-block-group-is-layout-constrained\">\n<div class=\"wp-block-group is-layout-flow wp-block-group-is-layout-flow\">\n<h2 class=\"wp-block-heading has-text-align-center has-large-font-size\">Von der Idee zur Spielfigur<\/h2>\n\n\n\n<p class=\"has-text-align-center has-secondary-color has-text-color has-link-color has-medium-font-size wp-elements-e568db611e3b2bf35bcf6e4da790bf3f\">Der Weg einer BULLYLAND\u00ae-Figur<\/p>\n\n\n\n<p class=\"has-text-align-center has-small-font-size\">Mit viel Liebe zum Detail, h\u00f6chster Qualit\u00e4t und einem Fokus auf kindgerechte und sichere Materialien entsteht jede BULLYLAND\u00ae-Figur.<\/p>\n\n\n\n<p class=\"has-text-align-center has-small-font-size\">Jede Spielfigur erz\u00e4hlt eine eigene Geschichte und bereichert die Fantasie von Kindern \u2013 nachhaltig und verantwortungsbewusst.<\/p>\n\n\n\n<div class=\"wp-block-columns is-layout-flex wp-container-core-columns-is-layout-28f84493 wp-block-columns-is-layout-flex\">\n<div class=\"wp-block-column has-small-font-size is-layout-flow wp-block-column-is-layout-flow\">\n<figure class=\"wp-block-gallery has-nested-images columns-default is-cropped wp-block-gallery-1 is-layout-flex wp-block-gallery-is-layout-flex\">\n<figure class=\"wp-block-image size-full\"><img loading=\"lazy\" decoding=\"async\" width=\"549\" height=\"549\" data-id=\"1554\" src=\"https:\/\/bullyland.de\/wp-content\/uploads\/2025\/12\/Produktwissen-Step-1-neu.jpg\" alt=\"\" class=\"wp-image-1554\" srcset=\"https:\/\/bullyland.de\/wp-content\/uploads\/2025\/12\/Produktwissen-Step-1-neu.jpg 549w, https:\/\/bullyland.de\/wp-content\/uploads\/2025\/12\/Produktwissen-Step-1-neu-300x300.jpg 300w, https:\/\/bullyland.de\/wp-content\/uploads\/2025\/12\/Produktwissen-Step-1-neu-150x150.jpg 150w, https:\/\/bullyland.de\/wp-content\/uploads\/2025\/12\/Produktwissen-Step-1-neu-12x12.jpg 12w\" sizes=\"auto, (max-width: 549px) 100vw, 549px\" \/><\/figure>\n<\/figure>\n\n\n\n<h2 class=\"wp-block-heading has-text-align-center has-small-font-size\">1. Konzept &amp; Design<\/h2>\n\n\n\n<p class=\"has-text-align-center\">Entwicklung des ersten Designs als 2D-Zeichnung und anschlie\u00dfende Erstellung eines detaillierten 3D-Modells. Nach Freigabe des Modells werden Farben und Details definiert.<\/p>\n<\/div>\n\n\n\n<div class=\"wp-block-column has-small-font-size is-layout-flow wp-block-column-is-layout-flow\">\n<figure class=\"wp-block-image size-full\"><img loading=\"lazy\" decoding=\"async\" width=\"559\" height=\"559\" src=\"https:\/\/bullyland.de\/wp-content\/uploads\/2025\/12\/2.-proto-real-1.png\" alt=\"\" class=\"wp-image-1543\" srcset=\"https:\/\/bullyland.de\/wp-content\/uploads\/2025\/12\/2.-proto-real-1.png 559w, https:\/\/bullyland.de\/wp-content\/uploads\/2025\/12\/2.-proto-real-1-300x300.png 300w, https:\/\/bullyland.de\/wp-content\/uploads\/2025\/12\/2.-proto-real-1-150x150.png 150w, https:\/\/bullyland.de\/wp-content\/uploads\/2025\/12\/2.-proto-real-1-12x12.png 12w\" sizes=\"auto, (max-width: 559px) 100vw, 559px\" \/><\/figure>\n\n\n\n<h2 class=\"wp-block-heading has-text-align-center has-small-font-size\">2. Prototyp &amp; Werkzeugbau<\/h2>\n\n\n\n<p class=\"has-text-align-center\">Erstellung eines Prototyps und Bau der Produktionsform (Werkzeug). Werkzeugmuster werden gepr\u00fcft, um sicherzustellen, dass sie den Qualit\u00e4tsstandards entsprechen.<\/p>\n<\/div>\n\n\n\n<div class=\"wp-block-column has-small-font-size is-layout-flow wp-block-column-is-layout-flow\">\n<figure class=\"wp-block-image size-full\"><img loading=\"lazy\" decoding=\"async\" width=\"544\" height=\"544\" src=\"https:\/\/bullyland.de\/wp-content\/uploads\/2025\/12\/3.-produktion-real-1.png\" alt=\"\" class=\"wp-image-1544\" srcset=\"https:\/\/bullyland.de\/wp-content\/uploads\/2025\/12\/3.-produktion-real-1.png 544w, https:\/\/bullyland.de\/wp-content\/uploads\/2025\/12\/3.-produktion-real-1-300x300.png 300w, https:\/\/bullyland.de\/wp-content\/uploads\/2025\/12\/3.-produktion-real-1-150x150.png 150w, https:\/\/bullyland.de\/wp-content\/uploads\/2025\/12\/3.-produktion-real-1-12x12.png 12w\" sizes=\"auto, (max-width: 544px) 100vw, 544px\" \/><\/figure>\n\n\n\n<h2 class=\"wp-block-heading has-text-align-center has-small-font-size\">3. Produktion<\/h2>\n\n\n\n<p class=\"has-text-align-center\">Serienfertigung beginnt nach Freigabe des Werkzeugmusters. Dabei werden die Figuren gegossen, von Hand bemalt und f\u00fcr den Markt vorbereitet.<\/p>\n<\/div>\n\n\n\n<div class=\"wp-block-column has-small-font-size is-layout-flow wp-block-column-is-layout-flow\">\n<figure class=\"wp-block-image size-full\"><img loading=\"lazy\" decoding=\"async\" width=\"549\" height=\"549\" src=\"https:\/\/bullyland.de\/wp-content\/uploads\/2025\/12\/4.-fertig-real-1.png\" alt=\"\" class=\"wp-image-1545\" srcset=\"https:\/\/bullyland.de\/wp-content\/uploads\/2025\/12\/4.-fertig-real-1.png 549w, https:\/\/bullyland.de\/wp-content\/uploads\/2025\/12\/4.-fertig-real-1-300x300.png 300w, https:\/\/bullyland.de\/wp-content\/uploads\/2025\/12\/4.-fertig-real-1-150x150.png 150w, https:\/\/bullyland.de\/wp-content\/uploads\/2025\/12\/4.-fertig-real-1-12x12.png 12w\" sizes=\"auto, (max-width: 549px) 100vw, 549px\" \/><\/figure>\n\n\n\n<h2 class=\"wp-block-heading has-text-align-center has-small-font-size\">4. Fertiges Produkt<\/h2>\n\n\n\n<p class=\"has-text-align-center\">Die fertige Spielfigur wird kontrolliert, verpackt und in den Verkauf gebracht.<\/p>\n<\/div>\n<\/div>\n\n\n\n<div style=\"height:0px\" aria-hidden=\"true\" class=\"wp-block-spacer\"><\/div>\n<\/div>\n\n\n\n<div class=\"wp-block-columns is-layout-flex wp-container-core-columns-is-layout-28f84493 wp-block-columns-is-layout-flex\">\n<div class=\"wp-block-column is-layout-flow wp-block-column-is-layout-flow\">\n<div style=\"height:57px\" aria-hidden=\"true\" class=\"wp-block-spacer\"><\/div>\n<\/div>\n<\/div>\n<\/div>\n<\/div>\n\n\n\n<div class=\"wp-block-group alignfull has-background has-global-padding is-layout-constrained wp-block-group-is-layout-constrained\" style=\"background-color:#e9d3be;padding-top:var(--wp--preset--spacing--small);padding-bottom:var(--wp--preset--spacing--small)\">\n<div class=\"wp-block-columns is-layout-flex wp-container-core-columns-is-layout-7db7aa3e wp-block-columns-is-layout-flex\" style=\"padding-right:0;padding-left:0\">\n<div class=\"wp-block-column is-vertically-aligned-center is-layout-flow wp-block-column-is-layout-flow\">\n<h2 class=\"wp-block-heading has-medium-font-size\" style=\"text-transform:uppercase\"><\/h2>\n\n\n\n<p><\/p>\n\n\n\n<h2 class=\"wp-block-heading has-text-align-center has-text-color has-link-color wp-elements-52af3daa555b4589015e952464214a5d\" style=\"color:#ed6c44\">spiel gut ausgezeichnetes Spielzeug<\/h2>\n\n\n\n<p class=\"has-text-align-center has-tertiary-color has-text-color has-link-color has-small-font-size wp-elements-07fe3cd1d6001640dd5814ce023e3106\">Der kontinuierlich hohe Qualit\u00e4tsstandart ist f\u00fcr BULLYLAND eine zentrale Herzensangelegenheit und spiegelt sich in den zahlreichen \u201eSpiel-gut-Siegel\u201c- Auszeichnungen wider.<\/p>\n\n\n\n<div class=\"wp-block-buttons is-horizontal is-content-justification-center is-layout-flex wp-container-core-buttons-is-layout-03627597 wp-block-buttons-is-layout-flex\">\n<div class=\"wp-block-button is-style-outline is-style-outline--2\"><a class=\"wp-block-button__link has-white-color has-text-color has-background has-link-color has-small-font-size has-custom-font-size wp-element-button\" href=\"http:\/\/spielgut.de\" style=\"background-color:#ed6c44;padding-top:var(--wp--preset--spacing--x-small);padding-bottom:var(--wp--preset--spacing--x-small)\">mehr erfahren<\/a><\/div>\n<\/div>\n\n\n\n<p><\/p>\n<\/div>\n\n\n\n<div class=\"wp-block-column is-layout-flow wp-block-column-is-layout-flow\">\n<figure class=\"wp-block-image size-large\"><img loading=\"lazy\" decoding=\"async\" width=\"1024\" height=\"670\" src=\"https:\/\/bullyland.de\/wp-content\/uploads\/2025\/12\/BIld-Spielgut-JPEG--1024x670.jpg\" alt=\"\" class=\"wp-image-1598\" srcset=\"https:\/\/bullyland.de\/wp-content\/uploads\/2025\/12\/BIld-Spielgut-JPEG--1024x670.jpg 1024w, https:\/\/bullyland.de\/wp-content\/uploads\/2025\/12\/BIld-Spielgut-JPEG--300x196.jpg 300w, https:\/\/bullyland.de\/wp-content\/uploads\/2025\/12\/BIld-Spielgut-JPEG--2000x1309.jpg 2000w, https:\/\/bullyland.de\/wp-content\/uploads\/2025\/12\/BIld-Spielgut-JPEG--scaled-18x12.jpg 18w\" sizes=\"auto, (max-width: 1024px) 100vw, 1024px\" \/><\/figure>\n<\/div>\n<\/div>\n<\/div>\n\n\n\n<p><\/p>","protected":false},"excerpt":{"rendered":"<p>Diese Werte bilden die DNA von BULLYLAND\u00ae Unsere Werte Kindgerecht spielen Die BULLYLAND\u00ae &#8211; Spielfiguren bringen Kinderaugen zum Leuchten. Sie sind ideal f\u00fcr kleine Entdecker ab 3 Jahren. Handbemalt Jede Spielfigur wird sorgf\u00e4ltig von Hand bemalt und ist somit ein Unikat. Mit Liebe hergestellt In jeder Spielfigur steckt eine gro\u00dfe Portion Liebe, Leidenschaft und Hingabe, &hellip; <\/p>\n<p class=\"link-more\"><a href=\"https:\/\/bullyland.de\/en\/produktwissen\/\" class=\"more-link\">Read more<span class=\"screen-reader-text\"> &#8222;Produktwissen&#8220;<\/span><\/a><\/p>","protected":false},"author":1,"featured_media":1045,"parent":0,"menu_order":0,"comment_status":"closed","ping_status":"closed","template":"","meta":{"inspiro_hide_title":false,"footnotes":""},"class_list":["post-983","page","type-page","status-publish","has-post-thumbnail","hentry"],"_links":{"self":[{"href":"https:\/\/bullyland.de\/en\/wp-json\/wp\/v2\/pages\/983","targetHints":{"allow":["GET"]}}],"collection":[{"href":"https:\/\/bullyland.de\/en\/wp-json\/wp\/v2\/pages"}],"about":[{"href":"https:\/\/bullyland.de\/en\/wp-json\/wp\/v2\/types\/page"}],"author":[{"embeddable":true,"href":"https:\/\/bullyland.de\/en\/wp-json\/wp\/v2\/users\/1"}],"replies":[{"embeddable":true,"href":"https:\/\/bullyland.de\/en\/wp-json\/wp\/v2\/comments?post=983"}],"version-history":[{"count":50,"href":"https:\/\/bullyland.de\/en\/wp-json\/wp\/v2\/pages\/983\/revisions"}],"predecessor-version":[{"id":1725,"href":"https:\/\/bullyland.de\/en\/wp-json\/wp\/v2\/pages\/983\/revisions\/1725"}],"wp:featuredmedia":[{"embeddable":true,"href":"https:\/\/bullyland.de\/en\/wp-json\/wp\/v2\/media\/1045"}],"wp:attachment":[{"href":"https:\/\/bullyland.de\/en\/wp-json\/wp\/v2\/media?parent=983"}],"curies":[{"name":"wp","href":"https:\/\/api.w.org\/{rel}","templated":true}]}}